{"id":215,"date":"2019-01-25T13:48:33","date_gmt":"2019-01-25T13:48:33","guid":{"rendered":"https:\/\/fbmusic.nl\/?page_id=215"},"modified":"2021-01-02T15:26:12","modified_gmt":"2021-01-02T15:26:12","slug":"hoe-ga-ik-te-werk","status":"publish","type":"page","link":"https:\/\/fbmusic.nl\/de\/hoe-ga-ik-te-werk\/","title":{"rendered":"Wie geht's jetzt weiter?"},"content":{"rendered":"<p>[et_pb_section fb_built=&#8221;1&#8243; _builder_version=&#8221;3.22&#8243; background_color=&#8221;#000000&#8243;][et_pb_row _builder_version=&#8221;3.25&#8243; custom_padding=&#8221;0px|0px|0|0px|false|false&#8221;][et_pb_column type=&#8221;4_4&#8243; _builder_version=&#8221;3.25&#8243; custom_padding=&#8221;|||&#8221; custom_padding__hover=&#8221;|||&#8221;][et_pb_text module_id=&#8221;werkwijze&#8221; _builder_version=&#8221;4.7.7&#8243; text_font=&#8221;||||||||&#8221; text_text_color=&#8221;#ffffff&#8221; text_font_size=&#8221;39px&#8221; text_orientation=&#8221;center&#8221; text_font_last_edited=&#8221;on|desktop&#8221; text_font_size_last_edited=&#8221;on|phone&#8221; hover_enabled=&#8221;0&#8243; sticky_enabled=&#8221;0&#8243; text_font_size_phone=&#8221;30px&#8221;]<\/p>\n<p>&nbsp;<\/p>\n<p>Liedtext<\/p>\n<p>[\/et_pb_text][\/et_pb_column][\/et_pb_row][et_pb_row _builder_version=&#8221;3.25&#8243; custom_padding=&#8221;51px|0px|0px|0px|false|false&#8221; column_structure=&#8221;1_2,1_2&#8243;][et_pb_column type=&#8221;1_2&#8243; _builder_version=&#8221;3.25&#8243; custom_padding=&#8221;|||&#8221; custom_padding__hover=&#8221;|||&#8221;][et_pb_image src=&#8221;https:\/\/fbmusic.nl\/wp-content\/uploads\/2021\/01\/PicturePeople-4-of-29.jpg&#8221; align_tablet=&#8221;center&#8221; align_last_edited=&#8221;on|desktop&#8221; _builder_version=&#8221;3.23&#8243;][\/et_pb_image][\/et_pb_column][et_pb_column type=&#8221;1_2&#8243; _builder_version=&#8221;3.25&#8243; custom_padding=&#8221;|||&#8221; custom_padding__hover=&#8221;|||&#8221;][et_pb_text _builder_version=&#8221;3.27.4&#8243; text_font=&#8221;||||||||&#8221; text_text_color=&#8221;#ffffff&#8221; text_font_size=&#8221;18px&#8221;]<\/p>\n<p><span>Suchen Sie nur einen neuen Liedtext f\u00fcr ein Cover oder einen individuellen Liedtext f\u00fcr einen besonderer Anlass (Jubil\u00e4um, Abschied, Hochzeit usw.)?<\/span><\/p>\n<p><span>Oder suchen Sie eine spezielle Orchesterband f\u00fcr besondere Anl\u00e4sse oder Intros, um Ihrem Auftritt einige Extras zu geben?<\/span><\/p>\n<p><span>Fragen Sie unverbindlich nach den M\u00f6glichkeiten!<\/span><\/p>\n<p>[\/et_pb_text][et_pb_text _builder_version=&#8221;3.27.4&#8243; text_font=&#8221;||||||||&#8221; text_text_color=&#8221;#ffffff&#8221; text_font_size=&#8221;17px&#8221; text_line_height=&#8221;2.8em&#8221;]<\/p>\n<p><strong>H\u00f6ren Sie sich die Beispiele unten an:<\/strong><\/p>\n<ul>\n<li><a href=\"https:\/\/fbmusic.nl\/wp-content\/uploads\/2019\/03\/LIEVE-JONGEN-ANGELINA-TB-Maxi-Remix-2017.mp3\"><span style=\"text-decoration: underline;\"><span style=\"color: #ffffff; text-decoration: underline;\">Lieve Jongen<\/span><\/span><\/a><\/li>\n<li><span style=\"text-decoration: underline;\"><span style=\"color: #ffffff;\"><a href=\"https:\/\/youtu.be\/HEnVAUQo4QM\" style=\"color: #ffffff; text-decoration: underline;\">Oets Zien Veer Weer Same<\/a><\/span><\/span><\/li>\n<li><a href=\"https:\/\/youtu.be\/69hFsNT4ckI\" target=\"_blank\" rel=\"noopener noreferrer\"><span style=\"text-decoration: underline;\"><span style=\"color: #ffffff; text-decoration: underline;\">Mestreech<\/span><span style=\"color: #ffffff; text-decoration: underline;\"><\/span><\/span><\/a><\/li>\n<\/ul>\n<p>&nbsp;<\/p>\n<p>&nbsp;<\/p>\n<p>&nbsp;<\/p>\n<p>&nbsp;<\/p>\n<p>[\/et_pb_text][\/et_pb_column][\/et_pb_row][\/et_pb_section]<\/p>","protected":false},"excerpt":{"rendered":"<p>[et_pb_section fb_built=&#8221;1&#8243; _builder_version=&#8221;3.22&#8243; background_color=&#8221;#000000&#8243;][et_pb_row _builder_version=&#8221;3.25&#8243; custom_padding=&#8221;0px|0px|0|0px|false|false&#8221;][et_pb_column type=&#8221;4_4&#8243; _builder_version=&#8221;3.25&#8243; custom_padding=&#8221;|||&#8221; custom_padding__hover=&#8221;|||&#8221;][et_pb_text module_id=&#8221;werkwijze&#8221; _builder_version=&#8221;4.7.7&#8243; text_font=&#8221;||||||||&#8221; text_text_color=&#8221;#ffffff&#8221; text_font_size=&#8221;39px&#8221; text_orientation=&#8221;center&#8221; text_font_last_edited=&#8221;on|desktop&#8221; text_font_size_last_edited=&#8221;on|phone&#8221; hover_enabled=&#8221;0&#8243; sticky_enabled=&#8221;0&#8243; text_font_size_phone=&#8221;30px&#8221;] &nbsp; Songtekst op Maat [\/et_pb_text][\/et_pb_column][\/et_pb_row][et_pb_row _builder_version=&#8221;3.25&#8243; custom_padding=&#8221;51px|0px|0px|0px|false|false&#8221; column_structure=&#8221;1_2,1_2&#8243;][et_pb_column type=&#8221;1_2&#8243; _builder_version=&#8221;3.25&#8243; custom_padding=&#8221;|||&#8221; custom_padding__hover=&#8221;|||&#8221;][et_pb_image src=&#8221;https:\/\/fbmusic.nl\/wp-content\/uploads\/2021\/01\/PicturePeople-4-of-29.jpg&#8221; align_tablet=&#8221;center&#8221; align_last_edited=&#8221;on|desktop&#8221; _builder_version=&#8221;3.23&#8243;][\/et_pb_image][\/et_pb_column][et_pb_column type=&#8221;1_2&#8243; _builder_version=&#8221;3.25&#8243; custom_padding=&#8221;|||&#8221; custom_padding__hover=&#8221;|||&#8221;][et_pb_text _builder_version=&#8221;3.27.4&#8243; text_font=&#8221;||||||||&#8221; text_text_color=&#8221;#ffffff&#8221; text_font_size=&#8221;18px&#8221;] Ben je op zoek naar een nieuwe songtekst voor een [&hellip;]<\/p>","protected":false},"author":1,"featured_media":0,"parent":0,"menu_order":0,"comment_status":"closed","ping_status":"closed","template":"","meta":{"_et_pb_use_builder":"on","_et_pb_old_content":"","_et_gb_content_width":""},"_links":{"self":[{"href":"https:\/\/fbmusic.nl\/de\/wp-json\/wp\/v2\/pages\/215"}],"collection":[{"href":"https:\/\/fbmusic.nl\/de\/wp-json\/wp\/v2\/pages"}],"about":[{"href":"https:\/\/fbmusic.nl\/de\/wp-json\/wp\/v2\/types\/page"}],"author":[{"embeddable":true,"href":"https:\/\/fbmusic.nl\/de\/wp-json\/wp\/v2\/users\/1"}],"replies":[{"embeddable":true,"href":"https:\/\/fbmusic.nl\/de\/wp-json\/wp\/v2\/comments?post=215"}],"version-history":[{"count":27,"href":"https:\/\/fbmusic.nl\/de\/wp-json\/wp\/v2\/pages\/215\/revisions"}],"predecessor-version":[{"id":833,"href":"https:\/\/fbmusic.nl\/de\/wp-json\/wp\/v2\/pages\/215\/revisions\/833"}],"wp:attachment":[{"href":"https:\/\/fbmusic.nl\/de\/wp-json\/wp\/v2\/media?parent=215"}],"curies":[{"name":"wp","href":"https:\/\/api.w.org\/{rel}","templated":true}]}}