{"id":7,"date":"2019-01-06T18:38:07","date_gmt":"2019-01-06T18:38:07","guid":{"rendered":"http:\/\/fbmusic.nl\/?page_id=7"},"modified":"2021-01-02T12:52:29","modified_gmt":"2021-01-02T12:52:29","slug":"discografie","status":"publish","type":"page","link":"https:\/\/fbmusic.nl\/de\/","title":{"rendered":"HOME"},"content":{"rendered":"<p>[et_pb_section fb_built=&#8221;1&#8243; admin_label=&#8221;Header&#8221; _builder_version=&#8221;3.12.2&#8243; background_color=&#8221;#000000&#8243; background_size=&#8221;contain&#8221; background_position=&#8221;bottom_left&#8221; background_blend=&#8221;difference&#8221; custom_padding=&#8221;0px|0px|0px|0px|true|false&#8221; animation_style=&#8221;zoom&#8221; animation_direction=&#8221;left&#8221; animation_duration=&#8221;1500ms&#8221; animation_intensity_zoom=&#8221;-2%&#8221;][et_pb_row custom_padding=&#8221;56px|0px|0px|0px|false|false&#8221; _builder_version=&#8221;3.12.2&#8243;][et_pb_column type=&#8221;4_4&#8243; _builder_version=&#8221;3.12.2&#8243; parallax=&#8221;off&#8221; parallax_method=&#8221;on&#8221;][et_pb_text _builder_version=&#8221;3.12.2&#8243; text_font=&#8221;||||||||&#8221; text_orientation=&#8221;center&#8221; background_layout=&#8221;dark&#8221;]<\/p>\n<h1>Music was my first love&#8230;<\/h1>\n<p>&nbsp;<\/p>\n<p>&nbsp;<\/p>\n<p>[\/et_pb_text][\/et_pb_column][\/et_pb_row][et_pb_row custom_padding=&#8221;0px|0px|73px|0px|false|false&#8221; _builder_version=&#8221;3.12.2&#8243; animation_style=&#8221;fade&#8221;][et_pb_column type=&#8221;1_4&#8243; _builder_version=&#8221;3.12.2&#8243; parallax=&#8221;off&#8221; parallax_method=&#8221;on&#8221;][et_pb_image src=&#8221;https:\/\/fbmusic.nl\/wp-content\/uploads\/2019\/01\/Schermafbeelding-2019-01-25-om-14.45.27.png&#8221; force_fullwidth=&#8221;on&#8221; _builder_version=&#8221;3.12.2&#8243;][\/et_pb_image][\/et_pb_column][et_pb_column type=&#8221;3_4&#8243; _builder_version=&#8221;3.12.2&#8243; parallax=&#8221;off&#8221; parallax_method=&#8221;on&#8221;][et_pb_image src=&#8221;https:\/\/fbmusic.nl\/wp-content\/uploads\/2019\/01\/logo_def_zwarteachtergrond.png&#8221; align=&#8221;center&#8221; force_fullwidth=&#8221;on&#8221; _builder_version=&#8221;3.12.2&#8243; background_color=&#8221;#000000&#8243;][\/et_pb_image][\/et_pb_column][\/et_pb_row][et_pb_row _builder_version=&#8221;3.12.2&#8243;][et_pb_column type=&#8221;4_4&#8243; _builder_version=&#8221;3.12.2&#8243; parallax=&#8221;off&#8221; parallax_method=&#8221;on&#8221;][et_pb_text _builder_version=&#8221;3.12.2&#8243; text_font=&#8221;||||||||&#8221; text_text_color=&#8221;#ffffff&#8221; text_font_size=&#8221;30px&#8221; text_orientation=&#8221;center&#8221; background_layout=&#8221;dark&#8221;]<\/p>\n<p>Welkom &#8211; Wilkommen &#8211; Welcome<\/p>\n<p>&nbsp;<\/p>\n<p>[\/et_pb_text][\/et_pb_column][\/et_pb_row][et_pb_row _builder_version=&#8221;3.12.2&#8243;][et_pb_column type=&#8221;4_4&#8243; _builder_version=&#8221;3.12.2&#8243; parallax=&#8221;off&#8221; parallax_method=&#8221;on&#8221;][et_pb_button button_url=&#8221;#betekenen&#8221; button_text=&#8221;Meer&#8221; button_alignment=&#8221;center&#8221; _builder_version=&#8221;3.12.2&#8243; custom_button=&#8221;on&#8221; button_text_size=&#8221;19px&#8221; button_text_color=&#8221;#ffffff&#8221; button_border_width=&#8221;0px&#8221; button_border_color=&#8221;#ffffff&#8221; button_border_radius=&#8221;0px&#8221; button_font=&#8221;||||||||&#8221; button_icon=&#8221;%%30%%&#8221; button_icon_color=&#8221;#ffffff&#8221; button_on_hover=&#8221;off&#8221; button_border_radius_hover=&#8221;0px&#8221; background_layout=&#8221;dark&#8221; animation_style=&#8221;fade&#8221; animation_direction=&#8221;top&#8221; animation_delay=&#8221;1000ms&#8221; global_module=&#8221;490&#8243;][\/et_pb_button][\/et_pb_column][\/et_pb_row][\/et_pb_section][et_pb_section fb_built=&#8221;1&#8243; admin_label=&#8221;Services&#8221; _builder_version=&#8221;3.12.2&#8243; background_color=&#8221;#000000&#8243; custom_padding=&#8221;25px|0px|37px|0px|false|false&#8221; locked=&#8221;off&#8221;][et_pb_row make_fullwidth=&#8221;on&#8221; custom_padding=&#8221;0|0px|0px|0px|false|false&#8221; _builder_version=&#8221;3.12.2&#8243; locked=&#8221;off&#8221;][et_pb_column type=&#8221;4_4&#8243; _builder_version=&#8221;3.11&#8243; parallax=&#8221;off&#8221; parallax_method=&#8221;on&#8221;][et_pb_text module_id=&#8221;betekenen&#8221; _builder_version=&#8221;3.12.2&#8243; text_font=&#8221;||||||||&#8221; text_font_size=&#8221;39px&#8221; text_letter_spacing_phone=&#8221;0px&#8221; text_letter_spacing_last_edited=&#8221;on|phone&#8221; text_line_height=&#8221;1.8em&#8221; text_orientation=&#8221;center&#8221; background_layout=&#8221;dark&#8221;]<\/p>\n<p>Was kann ich f\u00fcr Sie tun?<\/p>\n<p>[\/et_pb_text][\/et_pb_column][\/et_pb_row][et_pb_row make_fullwidth=&#8221;on&#8221; use_custom_gutter=&#8221;on&#8221; gutter_width=&#8221;7&#8243; custom_padding=&#8221;71px|0px|0px|0px|false|false&#8221; make_equal=&#8221;on&#8221; _builder_version=&#8221;3.12.2&#8243;][et_pb_column type=&#8221;1_2&#8243; _builder_version=&#8221;3.12.2&#8243; parallax=&#8221;off&#8221; parallax_method=&#8221;on&#8221;][et_pb_image src=&#8221;https:\/\/fbmusic.nl\/wp-content\/uploads\/2020\/03\/Music-26-of-30.jpg&#8221; url=&#8221;https:\/\/youtu.be\/LvgrQF1kQAk&#8221; url_new_window=&#8221;on&#8221; force_fullwidth=&#8221;on&#8221; _builder_version=&#8221;3.12.2&#8243; box_shadow_style=&#8221;preset1&#8243; box_shadow_color=&#8221;#000000&#8243; custom_margin=&#8221;10px||0px|&#8221; custom_padding=&#8221;||0px|&#8221; animation_style=&#8221;fade&#8221;][\/et_pb_image][\/et_pb_column][et_pb_column type=&#8221;1_2&#8243; _builder_version=&#8221;3.12.2&#8243; parallax=&#8221;off&#8221; parallax_method=&#8221;on&#8221;][et_pb_text _builder_version=&#8221;3.12.2&#8243; text_font=&#8221;||||||||&#8221; text_text_color=&#8221;#ffffff&#8221; text_font_size=&#8221;21px&#8221; text_line_height=&#8221;1.9em&#8221; ul_font=&#8221;||||||||&#8221; ul_line_height=&#8221;1.8em&#8221;]<\/p>\n<ul>\n<li>Suchen Sie nach einer neuen Komposition (kein Cover), sowohl Musik als auch Text (Limburgisch, Niederl\u00e4ndisch oder Deutsch)?<\/li>\n<li>Suchen Sie eine neue Komposition f\u00fcr den LVK-, SMV- oder einen anderen Song-Wettbewerb?<\/li>\n<li>Haben Sie schon einen Liedtext und suchen Sie nur nach einer neuen, dazu passenden Melodie?<\/li>\n<li>Suchen Sie nur einen neuen Liedtext f\u00fcr ein Cover oder einen individuellen Liedtext f\u00fcr einen besonderer Anlass (Jubil\u00e4um, Abschied, Hochzeit usw.)?<\/li>\n<li>Suchen Sie nach neuen Ideen f\u00fcr Ihr Repertoire als K\u00fcnstler oder Band?<\/li>\n<li><span><\/span><span>Suchen Sie spezielle Intros, um Ihre \u00c4uff\u00fchrung zu er\u00f6ffnen?<\/span><\/li>\n<li>M\u00f6chten Sie eine Produktion einer Demo Ihrer Komposition oder musikalische Idee, um einem K\u00fcnstler oder einem Studio ein gutes Bild \u00fcber sich zu vermitteln?<\/li>\n<li>Es ist auch m\u00f6glich, eine vollwertige Musikband (Backing) zu bilden.<\/li>\n<li>M\u00f6chten Sie ein CD-Cover entwerfen? \nM\u00f6chten Sie Sie Ihre Single unter anderem auf i-Tunes, Spotify und Napster publizieren?<\/li>\n<\/ul>\n<p>[\/et_pb_text][et_pb_button button_url=&#8221;mailto:info@fbmusic.nl&#8221; button_text=&#8221;Stuur een mail voor meer informatie&#8221; _builder_version=&#8221;3.12.2&#8243; background_layout=&#8221;dark&#8221;][\/et_pb_button][et_pb_button button_text=&#8221;Hoe ga ik te werk?&#8221; _builder_version=&#8221;3.12.2&#8243;][\/et_pb_button][\/et_pb_column][\/et_pb_row][\/et_pb_section][et_pb_section fb_built=&#8221;1&#8243; fullwidth=&#8221;on&#8221; _builder_version=&#8221;3.12.2&#8243;][et_pb_fullwidth_image src=&#8221;https:\/\/fbmusic.nl\/wp-content\/uploads\/2020\/03\/cdcover-SUSAL.jpg&#8221; url=&#8221;https:\/\/www.youtube.com\/watch?v=JSwi5xoaPwU&#038;feature=youtu.be&#8221; url_new_window=&#8221;on&#8221; _builder_version=&#8221;3.12.2&#8243;][\/et_pb_fullwidth_image][\/et_pb_section][et_pb_section fb_built=&#8221;1&#8243; fullwidth=&#8221;on&#8221; _builder_version=&#8221;3.12.2&#8243;][et_pb_fullwidth_header title=&#8221;Songtekst op Maat&#8221; button_one_text=&#8221;Beluister hier enkele voorbeelden&#8221; button_one_url=&#8221;https:\/\/fbmusic.nl\/hoe-ga-ik-te-werk\/&#8221; _builder_version=&#8221;3.12.2&#8243; title_font=&#8221;||||||||&#8221; title_font_size=&#8221;39px&#8221; content_font=&#8221;||||||||&#8221; content_font_size=&#8221;17px&#8221; background_color=&#8221;rgba(0,0,0,0.78)&#8221;]<\/p>\n<p>Suchen Sie nur einen neuen Liedtext f\u00fcr ein Cover oder einen individuellen Liedtext f\u00fcr einen besonderer Anlass (Jubil\u00e4um, Abschied, Hochzeit usw.)? \u00a0<\/p>\n<p>[\/et_pb_fullwidth_header][\/et_pb_section][et_pb_section fb_built=&#8221;1&#8243; admin_label=&#8221;Testimonials&#8221; _builder_version=&#8221;3.9&#8243; background_color=&#8221;#f7f7f7&#8243; custom_padding=&#8221;2px|0px|0px|0px|false|false&#8221;][et_pb_row custom_padding=&#8221;22px|0px|12px|0px|false|false&#8221; _builder_version=&#8221;3.9&#8243; locked=&#8221;off&#8221;][et_pb_column type=&#8221;4_4&#8243; _builder_version=&#8221;3.9&#8243; parallax=&#8221;off&#8221; parallax_method=&#8221;on&#8221;][et_pb_text _builder_version=&#8221;3.12.2&#8243; text_font=&#8221;||||||||&#8221; text_font_size=&#8221;39px&#8221; text_line_height=&#8221;2em&#8221; header_font=&#8221;||||||||&#8221; header_2_font=&#8221;Rubik|700|||||||&#8221; header_2_font_size=&#8221;42px&#8221; header_2_font_size_phone=&#8221;36px&#8221; header_2_font_size_last_edited=&#8221;on|phone&#8221; header_2_line_height=&#8221;1.2em&#8221; text_orientation=&#8221;center&#8221; module_alignment=&#8221;center&#8221; custom_margin=&#8221;|||&#8221; custom_padding=&#8221;|||&#8221; locked=&#8221;off&#8221;]Reviews[\/et_pb_text][\/et_pb_column][\/et_pb_row][et_pb_row _builder_version=&#8221;3.12.2&#8243;][et_pb_column type=&#8221;1_4&#8243; _builder_version=&#8221;3.12.2&#8243; parallax=&#8221;off&#8221; parallax_method=&#8221;on&#8221;][et_pb_testimonial author=&#8221;Dorrie Satijn&#8221; _builder_version=&#8221;3.12.2&#8243; text_orientation=&#8221;center&#8221;]Goede samenwerking. Het product is nog beter dan ik in mijn hoofd had&#8230; oftewel in gedachte had. Er wordt geluisterd en samen besproken wat de bedoeling is van het nummer. Goede uitwerking en tussentijds overleg. Erg blij met uiteindelijke resultaat.[\/et_pb_testimonial][\/et_pb_column][et_pb_column type=&#8221;1_4&#8243; _builder_version=&#8221;3.12.2&#8243; parallax=&#8221;off&#8221; parallax_method=&#8221;on&#8221;][et_pb_testimonial author=&#8221;Ilona&#8221; _builder_version=&#8221;3.12.2&#8243; text_orientation=&#8221;center&#8221;]<\/p>\n<p><span>Frank dae es mestreechteneer ein leedje mos maake veur die van Aelse. Es dat m\u00e8r good zouw komme. En t kaom good!! Benne 2 waeke waor t gereigeld. Ein leuke melodie en ein aangepaste teks mit es eindresultaat ein van oos leukste nummers in de aafgeloupe 10 jaor. Frank bedank!<\/span><\/p>\n<p>[\/et_pb_testimonial][\/et_pb_column][et_pb_column type=&#8221;1_4&#8243; _builder_version=&#8221;3.12.2&#8243; parallax=&#8221;off&#8221; parallax_method=&#8221;on&#8221;][et_pb_testimonial author=&#8221;Chris van Lin&#8221; _builder_version=&#8221;3.12.2&#8243; text_orientation=&#8221;center&#8221;]<\/p>\n<p><span>Al van mijn vorige opdracht de Polonaisetrein, klikte het meteen, Frank weet perfect wat ik wil,\u00a0<\/span><span>een sfeervolle meezinger, enkel de Hollandse teksten hebben we samen met producer Diego De Mol (Pita Boys)\u00a0<\/span><span>omgezet in het Vlaams!<\/span><br \/><span>Frank heeft meer in zijn marge dan hij zelf tot op heden heeft ontdekt!<\/span><\/p>\n<p>[\/et_pb_testimonial][\/et_pb_column][et_pb_column type=&#8221;1_4&#8243; _builder_version=&#8221;3.12.2&#8243; parallax=&#8221;off&#8221; parallax_method=&#8221;on&#8221;][et_pb_testimonial author=&#8221;De Wiekerhofzengers&#8221; _builder_version=&#8221;3.12.2&#8243; text_orientation=&#8221;center&#8221;]<\/p>\n<p>Namens de Wiekerhofzengers zijn wij zeer te spreken over Frank Bemelmans,\u00a0Kwaliteit muziek en tekst\/ is zeer goed.\u00a0Prijs\/kwaliteit is zeer goed.\u00a0Samenwerking\/ is goed.\u00a0Zeker een aanrader voor iedereen<\/p>\n<p>[\/et_pb_testimonial][\/et_pb_column][\/et_pb_row][et_pb_row _builder_version=&#8221;3.12.2&#8243;][et_pb_column type=&#8221;1_4&#8243; _builder_version=&#8221;3.12.2&#8243; parallax=&#8221;off&#8221; parallax_method=&#8221;on&#8221;][et_pb_testimonial author=&#8221;Mat Koch&#8221; _builder_version=&#8221;3.12.2&#8243; text_orientation=&#8221;center&#8221;]<\/p>\n<p><span>Ik ben heel tevreden over de muziekband die je altijd voor mij maakt. <\/span><span>Niets is te veel voor jou je hebt altijd een goede mening\u00a0<\/span><\/p>\n<p><span>Je schrijft echt goede teksten.\u00a0<\/span><span>Ik hoop dat wij in de toekomst nog heel veel mooie liedjes mogen maken samen.<\/span><\/p>\n<p>[\/et_pb_testimonial][\/et_pb_column][et_pb_column type=&#8221;1_4&#8243; _builder_version=&#8221;3.12.2&#8243; parallax=&#8221;off&#8221; parallax_method=&#8221;on&#8221;][et_pb_testimonial author=&#8221;John Houben&#8221; _builder_version=&#8221;3.12.2&#8243; text_orientation=&#8221;center&#8221;]<\/p>\n<p><span>Fijne persoonlijkheid.\u00a0<\/span><span>Goede tekstschrijver\u00a0<\/span><span>Regelt alles van productie tot presentatie.\u00a0<\/span><span>Veel contacten waardoor je cd overal gedraaid wordt.<\/span><\/p>\n<p><span>Sinds kort samenwerking met Frank aangegaan en ben zeer tevreden over de fijne samenwerking.<\/span><\/p>\n<p><span>Hij weet heel feilloos aan wat voor muziek bij je past.<\/span><\/p>\n<p>[\/et_pb_testimonial][\/et_pb_column][et_pb_column type=&#8221;1_4&#8243; _builder_version=&#8221;3.12.2&#8243; parallax=&#8221;off&#8221; parallax_method=&#8221;on&#8221;][\/et_pb_column][et_pb_column type=&#8221;1_4&#8243; _builder_version=&#8221;3.12.2&#8243; parallax=&#8221;off&#8221; parallax_method=&#8221;on&#8221;][\/et_pb_column][\/et_pb_row][\/et_pb_section][et_pb_section fb_built=&#8221;1&#8243; admin_label=&#8221;Get In Touch Section&#8221; _builder_version=&#8221;3.0.93&#8243; background_color=&#8221;#1e1d1c&#8221; custom_padding=&#8221;114px||90px||false|false&#8221;][et_pb_row custom_padding=&#8221;||10px|&#8221; _builder_version=&#8221;3.0.93&#8243;][et_pb_column type=&#8221;4_4&#8243; _builder_version=&#8221;3.0.47&#8243; parallax=&#8221;off&#8221; parallax_method=&#8221;on&#8221;][et_pb_text admin_label=&#8221;Title&#8221; _builder_version=&#8221;3.0.93&#8243; text_font=&#8221;||||||||&#8221; header_font=&#8221;||||||||&#8221; header_2_font=&#8221;Poppins|600|||||||&#8221; header_2_font_size=&#8221;36px&#8221; header_2_line_height=&#8221;1.2em&#8221; header_3_font=&#8221;||||||||&#8221; text_orientation=&#8221;center&#8221; background_layout=&#8221;dark&#8221; max_width=&#8221;550px&#8221; module_alignment=&#8221;center&#8221; custom_margin=&#8221;||0px|&#8221; animation_style=&#8221;fade&#8221; animation_direction=&#8221;left&#8221; animation_starting_opacity=&#8221;100%&#8221; locked=&#8221;off&#8221;]<\/p>\n<h2>Get In Touch<\/h2>\n<p>[\/et_pb_text][et_pb_divider divider_position=&#8221;center&#8221; divider_weight=&#8221;3px&#8221; _builder_version=&#8221;3.12.2&#8243; max_width=&#8221;50px&#8221; module_alignment=&#8221;center&#8221; custom_margin=&#8221;||20px|&#8221; animation_style=&#8221;slide&#8221; animation_direction=&#8221;top&#8221; animation_intensity_slide=&#8221;5%&#8221; animation_starting_opacity=&#8221;100%&#8221; locked=&#8221;off&#8221;][\/et_pb_divider][et_pb_text _builder_version=&#8221;3.12.2&#8243; text_font=&#8221;Poppins||||||||&#8221; text_text_color=&#8221;rgba(255,255,255,0.7)&#8221; text_font_size=&#8221;18px&#8221; text_line_height=&#8221;1.8em&#8221; text_orientation=&#8221;center&#8221; max_width=&#8221;550px&#8221; module_alignment=&#8221;center&#8221; custom_margin=&#8221;|||&#8221; custom_padding=&#8221;|||&#8221; locked=&#8221;off&#8221;]<\/p>\n<p>Laat hier een berichtje achter en ik neem zo spoedig mogelijk contact op.<\/p>\n<p>[\/et_pb_text][\/et_pb_column][\/et_pb_row][et_pb_row custom_margin=&#8221;20px|||&#8221; _builder_version=&#8221;3.0.93&#8243;][et_pb_column type=&#8221;4_4&#8243; _builder_version=&#8221;3.0.47&#8243; parallax=&#8221;off&#8221; parallax_method=&#8221;on&#8221;][et_pb_contact_form captcha=&#8221;off&#8221; email=&#8221;info@fbmusic.nl&#8221; submit_button_text=&#8221;Verstuur&#8221; module_id=&#8221;et_pb_contact_form_0&#8243; _builder_version=&#8221;3.12.2&#8243; title_font=&#8221;||||||||&#8221; form_field_font=&#8221;Poppins||||||||&#8221; form_field_font_size=&#8221;16px&#8221; custom_button=&#8221;on&#8221; button_text_size=&#8221;14px&#8221; button_text_color=&#8221;#ffffff&#8221; button_bg_color=&#8221;#c20e1a&#8221; button_border_width=&#8221;8px&#8221; button_border_color=&#8221;#c20e1a&#8221; button_border_radius=&#8221;0px&#8221; button_letter_spacing=&#8221;2px&#8221; button_font=&#8221;Poppins|600||on|||||&#8221; button_icon=&#8221;%%3%%&#8221; button_letter_spacing_hover=&#8221;2px&#8221; max_width=&#8221;750px&#8221; module_alignment=&#8221;center&#8221; animation_style=&#8221;fade&#8221;][et_pb_contact_field field_id=&#8221;First_Name&#8221; field_title=&#8221;First Name&#8221; _builder_version=&#8221;3.0.93&#8243; border_radii=&#8221;on||||&#8221;][\/et_pb_contact_field][et_pb_contact_field field_id=&#8221;Last_Name&#8221; field_title=&#8221;Last Name&#8221; _builder_version=&#8221;3.0.93&#8243; border_radii=&#8221;on||||&#8221;][\/et_pb_contact_field][et_pb_contact_field field_id=&#8221;Email&#8221; field_title=&#8221;Email Address&#8221; field_type=&#8221;email&#8221; _builder_version=&#8221;3.0.93&#8243; border_radii=&#8221;on||||&#8221;][\/et_pb_contact_field][et_pb_contact_field field_id=&#8221;Subject&#8221; field_title=&#8221;Subject&#8221; field_type=&#8221;select&#8221; select_options=&#8221;%91{%22value%22:%22Class%22,%22checked%22:0,%22dragID%22:0},{%22value%22:%22Product%22,%22checked%22:0,%22dragID%22:1}%93&#8243; _builder_version=&#8221;3.0.93&#8243; border_radii=&#8221;on||||&#8221;][\/et_pb_contact_field][et_pb_contact_field field_id=&#8221;Message&#8221; field_title=&#8221;Message&#8221; field_type=&#8221;text&#8221; fullwidth_field=&#8221;on&#8221; _builder_version=&#8221;3.0.87&#8243; border_radii=&#8221;on||||&#8221;][\/et_pb_contact_field][\/et_pb_contact_form][\/et_pb_column][\/et_pb_row][\/et_pb_section]<\/p>","protected":false},"excerpt":{"rendered":"<p>[et_pb_section fb_built=&#8221;1&#8243; admin_label=&#8221;Header&#8221; _builder_version=&#8221;3.12.2&#8243; background_color=&#8221;#000000&#8243; background_size=&#8221;contain&#8221; background_position=&#8221;bottom_left&#8221; background_blend=&#8221;difference&#8221; custom_padding=&#8221;0px|0px|0px|0px|true|false&#8221; animation_style=&#8221;zoom&#8221; animation_direction=&#8221;left&#8221; animation_duration=&#8221;1500ms&#8221; animation_intensity_zoom=&#8221;-2%&#8221;][et_pb_row custom_padding=&#8221;56px|0px|0px|0px|false|false&#8221; _builder_version=&#8221;3.12.2&#8243;][et_pb_column type=&#8221;4_4&#8243; _builder_version=&#8221;3.12.2&#8243; parallax=&#8221;off&#8221; parallax_method=&#8221;on&#8221;][et_pb_text _builder_version=&#8221;3.12.2&#8243; text_font=&#8221;||||||||&#8221; text_orientation=&#8221;center&#8221; background_layout=&#8221;dark&#8221;] Music was my first love&#8230; &nbsp; &nbsp; [\/et_pb_text][\/et_pb_column][\/et_pb_row][et_pb_row custom_padding=&#8221;0px|0px|73px|0px|false|false&#8221; _builder_version=&#8221;3.12.2&#8243; animation_style=&#8221;fade&#8221;][et_pb_column type=&#8221;1_4&#8243; _builder_version=&#8221;3.12.2&#8243; parallax=&#8221;off&#8221; parallax_method=&#8221;on&#8221;][et_pb_image src=&#8221;https:\/\/fbmusic.nl\/wp-content\/uploads\/2019\/01\/Schermafbeelding-2019-01-25-om-14.45.27.png&#8221; force_fullwidth=&#8221;on&#8221; _builder_version=&#8221;3.12.2&#8243;][\/et_pb_image][\/et_pb_column][et_pb_column type=&#8221;3_4&#8243; _builder_version=&#8221;3.12.2&#8243; parallax=&#8221;off&#8221; parallax_method=&#8221;on&#8221;][et_pb_image src=&#8221;https:\/\/fbmusic.nl\/wp-content\/uploads\/2019\/01\/logo_def_zwarteachtergrond.png&#8221; align=&#8221;center&#8221; force_fullwidth=&#8221;on&#8221; _builder_version=&#8221;3.12.2&#8243; background_color=&#8221;#000000&#8243;][\/et_pb_image][\/et_pb_column][\/et_pb_row][et_pb_row _builder_version=&#8221;3.12.2&#8243;][et_pb_column type=&#8221;4_4&#8243; _builder_version=&#8221;3.12.2&#8243; parallax=&#8221;off&#8221; parallax_method=&#8221;on&#8221;][et_pb_text [&hellip;]<\/p>","protected":false},"author":1,"featured_media":0,"parent":0,"menu_order":0,"comment_status":"closed","ping_status":"closed","template":"","meta":{"_et_pb_use_builder":"on","_et_pb_old_content":"","_et_gb_content_width":""},"_links":{"self":[{"href":"https:\/\/fbmusic.nl\/de\/wp-json\/wp\/v2\/pages\/7"}],"collection":[{"href":"https:\/\/fbmusic.nl\/de\/wp-json\/wp\/v2\/pages"}],"about":[{"href":"https:\/\/fbmusic.nl\/de\/wp-json\/wp\/v2\/types\/page"}],"author":[{"embeddable":true,"href":"https:\/\/fbmusic.nl\/de\/wp-json\/wp\/v2\/users\/1"}],"replies":[{"embeddable":true,"href":"https:\/\/fbmusic.nl\/de\/wp-json\/wp\/v2\/comments?post=7"}],"version-history":[{"count":79,"href":"https:\/\/fbmusic.nl\/de\/wp-json\/wp\/v2\/pages\/7\/revisions"}],"predecessor-version":[{"id":829,"href":"https:\/\/fbmusic.nl\/de\/wp-json\/wp\/v2\/pages\/7\/revisions\/829"}],"wp:attachment":[{"href":"https:\/\/fbmusic.nl\/de\/wp-json\/wp\/v2\/media?parent=7"}],"curies":[{"name":"wp","href":"https:\/\/api.w.org\/{rel}","templated":true}]}}